{"id":8068,"date":"2017-07-10T14:06:39","date_gmt":"2017-07-10T12:06:39","guid":{"rendered":"http:\/\/vorbilder-fogg.de\/?page_id=8068"},"modified":"2021-01-19T19:31:39","modified_gmt":"2021-01-19T17:31:39","slug":"vanessa-gyasi","status":"publish","type":"page","link":"https:\/\/vorbilder.be-boldly.de\/en\/vanessa-gyasi\/","title":{"rendered":"Vanessa Gyasi"},"content":{"rendered":"<div id=\"fws_69f4d1e473af2\"  data-midnight=\"dark\" data-bg-mobile-hidden=\"\" class=\"wpb_row vc_row-fluid vc_row full-width-section standard_section\"  style=\"\"><div class=\"full-page-inner-wrap-outer\"><div class=\"full-page-inner-wrap\" data-name=\"\" data-content-pos=\"middle\"><div class=\"full-page-inner\"><div class=\"row-bg-wrap\"> <div class=\"row-bg\"  style=\"\" data-color_overlay=\"\" data-color_overlay_2=\"\" data-gradient_direction=\"\" data-overlay_strength=\"0.3\" data-enable_gradient=\"false\"><\/div> <\/div><div class=\"container\"><div class=\"col span_12 dark left\">\n\t<div  class=\"vc_col-sm-12 wpb_column column_container vc_column_container col no-extra-padding\"  data-bg-cover=\"\" data-padding-pos=\"all\" data-has-bg-color=\"false\" data-bg-color=\"\" data-bg-opacity=\"1\" data-hover-bg=\"\" data-hover-bg-opacity=\"1\" data-animation=\"\" data-delay=\"0\">\n\t\t<div class=\"vc_column-inner\">\n\t\t\t<div class=\"wpb_wrapper\">\n\t\t\t\t\r\n\t<div class=\"wpb_text_column wpb_content_element\" >\r\n\t\t<div class=\"wpb_wrapper\">\r\n\t\t\t<pre style=\"text-align: center;\"><strong><span style=\"color: #00a19a;\">P\u00e4dagogische Kenntnisse:<\/span><\/strong>\r\n<strong>Studium und Beruf in Sozialp\u00e4dagogik \r\n<\/strong><strong>ehemalige Nachhilfelehrerin \r\nehrenamtliche Arbeit <\/strong><strong>in \r\neiner Jugendgruppe <\/strong>\r\n\r\n<strong><span style=\"color: #00a19a;\">St\u00e4rken:<\/span><\/strong>\r\n<strong>Einf\u00fchlungsverm\u00f6gen, Zuh\u00f6ren\r\n<\/strong><strong>gutes Zeitmanagement, <\/strong><strong>geduldig\r\nund nicht \u201caus \r\nder Ruhe zubringen\u201c<\/strong>\r\n\r\n<strong><span style=\"color: #00a19a;\">Interessen:<\/span><\/strong>\r\n<strong>Musik h\u00f6ren, singen,\r\nlesen, Sport<\/strong><\/pre>\n\r\n\t\t<\/div>\r\n\t<\/div>\r\n\n\t\t\t<\/div> \n\t\t<\/div>\n\t<\/div> \n<\/div><\/div><\/div><\/div><\/div><\/div><!--inner-wrap-->","protected":false},"excerpt":{"rendered":"P\u00e4dagogische Kenntnisse: Studium und Beruf in Sozialp\u00e4dagogik ehemalige Nachhilfelehrerin ehrenamtliche Arbeit in einer Jugendgruppe St\u00e4rken: Einf\u00fchlungsverm\u00f6gen, Zuh\u00f6ren gutes Zeitmanagement, geduldig und nicht \u201caus der Ruhe zubringen\u201c Interessen: Musik h\u00f6ren, singen,...","protected":false},"author":1,"featured_media":0,"parent":0,"menu_order":0,"comment_status":"closed","ping_status":"closed","template":"","meta":{"footnotes":""},"_links":{"self":[{"href":"https:\/\/vorbilder.be-boldly.de\/en\/wp-json\/wp\/v2\/pages\/8068"}],"collection":[{"href":"https:\/\/vorbilder.be-boldly.de\/en\/wp-json\/wp\/v2\/pages"}],"about":[{"href":"https:\/\/vorbilder.be-boldly.de\/en\/wp-json\/wp\/v2\/types\/page"}],"author":[{"embeddable":true,"href":"https:\/\/vorbilder.be-boldly.de\/en\/wp-json\/wp\/v2\/users\/1"}],"replies":[{"embeddable":true,"href":"https:\/\/vorbilder.be-boldly.de\/en\/wp-json\/wp\/v2\/comments?post=8068"}],"version-history":[{"count":9,"href":"https:\/\/vorbilder.be-boldly.de\/en\/wp-json\/wp\/v2\/pages\/8068\/revisions"}],"predecessor-version":[{"id":8316,"href":"https:\/\/vorbilder.be-boldly.de\/en\/wp-json\/wp\/v2\/pages\/8068\/revisions\/8316"}],"wp:attachment":[{"href":"https:\/\/vorbilder.be-boldly.de\/en\/wp-json\/wp\/v2\/media?parent=8068"}],"curies":[{"name":"wp","href":"https:\/\/api.w.org\/{rel}","templated":true}]}}