{"id":6952,"date":"2017-03-13T00:52:53","date_gmt":"2017-03-12T23:52:53","guid":{"rendered":"http:\/\/vorbilder-fogg.de\/?page_id=6952"},"modified":"2021-01-19T19:31:38","modified_gmt":"2021-01-19T17:31:38","slug":"lyn-birago-kakyire","status":"publish","type":"page","link":"https:\/\/vorbilder.be-boldly.de\/en\/lyn-birago-kakyire\/","title":{"rendered":"Lyn Birago Kakyire"},"content":{"rendered":"<div id=\"fws_69f45e51584c9\"  data-midnight=\"dark\" data-bg-mobile-hidden=\"\" class=\"wpb_row vc_row-fluid vc_row full-width-content standard_section\"  style=\"\"><div class=\"full-page-inner-wrap-outer\"><div class=\"full-page-inner-wrap\" data-name=\"\" data-content-pos=\"middle\"><div class=\"full-page-inner\"><div class=\"row-bg-wrap\"> <div class=\"row-bg\"  style=\"\" data-color_overlay=\"\" data-color_overlay_2=\"\" data-gradient_direction=\"\" data-overlay_strength=\"0.3\" data-enable_gradient=\"false\"><\/div> <\/div><div class=\"col span_12 dark left\">\n\t<div  class=\"vc_col-sm-6 vc_col-md-6 wpb_column column_container vc_column_container col no-extra-padding\"  data-bg-cover=\"\" data-padding-pos=\"all\" data-has-bg-color=\"false\" data-bg-color=\"\" data-bg-opacity=\"1\" data-hover-bg=\"\" data-hover-bg-opacity=\"1\" data-animation=\"\" data-delay=\"0\">\n\t\t<div class=\"vc_column-inner\">\n\t\t\t<div class=\"wpb_wrapper\">\n\t\t\t\t<div class=\"divider-wrap\"><div style=\"height: 60px;\" class=\"divider\"><\/div><\/div>\r\n\t<div class=\"wpb_text_column wpb_content_element  vc_custom_1493228822321\" >\r\n\t\t<div class=\"wpb_wrapper\">\r\n\t\t\t<h2 style=\"padding-left: 120px;\"><\/h2>\n<h2 style=\"padding-left: 30px;\">Lyn Birago Kakyire<\/h2>\n<p style=\"padding-left: 30px;\"><span style=\"color: #00aaaa;\"><strong>Projekt-Leiterin<\/strong><\/span><\/p>\n<p style=\"padding-left: 30px;\">Lyn ist\u00a0die Gr\u00fcnderin und Hauptverantwortliche f\u00fcr Vorbilder. Sie ist als Lehramtstudentin in vielen ehrenamtlichen p\u00e4dagogischen Projekten involviert. Beispielsweise arbeitet sie\u00a0im\u00a0kirchlichen Dienst und betreut den Kindergottesdienst. Zudem besitzt Lyn einen Jugendleiterschein und begleitet als Teamerin Klassenfahrten\u00a0des\u00a0katholischen Schulverbands. Au\u00dferdem unterst\u00fctzt sie als Schulbegleiterin Kinder mit einer Lernschw\u00e4che oder einer k\u00f6rperlichen Behinderung. Internationale Erfahrung hat sie als\u00a0Praktikantin bei Metro World Child in New York gesammelt. Dort hat sie in sozial benachteiligten Bezirken Programme f\u00fcr Kinder organisiert und Familienbesuche abgestattet. Bei Vorbilder k\u00fcmmert sie sich um die Angelegenheiten von Mentoren und Mentees.<\/p>\n\r\n\t\t<\/div>\r\n\t<\/div>\r\n\n\t\t\t<\/div> \n\t\t<\/div>\n\t<\/div> \n\n\t<div  class=\"vc_col-sm-6 vc_col-md-6 wpb_column column_container vc_column_container col no-extra-padding\"  data-bg-cover=\"\" data-padding-pos=\"all\" data-has-bg-color=\"false\" data-bg-color=\"\" data-bg-opacity=\"1\" data-hover-bg=\"\" data-hover-bg-opacity=\"1\" data-animation=\"\" data-delay=\"0\">\n\t\t<div class=\"vc_column-inner\">\n\t\t\t<div class=\"wpb_wrapper\">\n\t\t\t\t<div class=\"divider-wrap\"><div style=\"height: 80px;\" class=\"divider\"><\/div><\/div><div class=\"img-with-aniamtion-wrap right\" data-max-width=\"100%\"><div class=\"inner\"><img loading=\"lazy\" decoding=\"async\" data-shadow=\"none\" data-shadow-direction=\"middle\" class=\"img-with-animation\" data-delay=\"0\" height=\"100\" width=\"100\" data-animation=\"fade-in-from-right\" src=\"\" alt=\"\" \/><\/div><\/div>\n\t\t\t<\/div> \n\t\t<\/div>\n\t<\/div> \n<\/div><\/div><\/div><\/div><\/div><!--inner-wrap-->","protected":false},"excerpt":{"rendered":"Lyn Birago Kakyire Projekt-Leiterin Lyn ist\u00a0die Gr\u00fcnderin und Hauptverantwortliche f\u00fcr Vorbilder. Sie ist als Lehramtstudentin in vielen ehrenamtlichen p\u00e4dagogischen Projekten involviert. Beispielsweise arbeitet sie\u00a0im\u00a0kirchlichen Dienst und betreut den Kindergottesdienst. Zudem...","protected":false},"author":1,"featured_media":0,"parent":0,"menu_order":0,"comment_status":"closed","ping_status":"closed","template":"","meta":{"footnotes":""},"_links":{"self":[{"href":"https:\/\/vorbilder.be-boldly.de\/en\/wp-json\/wp\/v2\/pages\/6952"}],"collection":[{"href":"https:\/\/vorbilder.be-boldly.de\/en\/wp-json\/wp\/v2\/pages"}],"about":[{"href":"https:\/\/vorbilder.be-boldly.de\/en\/wp-json\/wp\/v2\/types\/page"}],"author":[{"embeddable":true,"href":"https:\/\/vorbilder.be-boldly.de\/en\/wp-json\/wp\/v2\/users\/1"}],"replies":[{"embeddable":true,"href":"https:\/\/vorbilder.be-boldly.de\/en\/wp-json\/wp\/v2\/comments?post=6952"}],"version-history":[{"count":41,"href":"https:\/\/vorbilder.be-boldly.de\/en\/wp-json\/wp\/v2\/pages\/6952\/revisions"}],"predecessor-version":[{"id":7972,"href":"https:\/\/vorbilder.be-boldly.de\/en\/wp-json\/wp\/v2\/pages\/6952\/revisions\/7972"}],"wp:attachment":[{"href":"https:\/\/vorbilder.be-boldly.de\/en\/wp-json\/wp\/v2\/media?parent=6952"}],"curies":[{"name":"wp","href":"https:\/\/api.w.org\/{rel}","templated":true}]}}