{"id":6894,"date":"2017-03-13T00:07:45","date_gmt":"2017-03-12T23:07:45","guid":{"rendered":"http:\/\/vorbilder-fogg.de\/?page_id=6894"},"modified":"2024-05-29T23:50:28","modified_gmt":"2024-05-29T22:50:28","slug":"impressum","status":"publish","type":"page","link":"https:\/\/vorbilder.be-boldly.de\/en\/impressum\/","title":{"rendered":"Impressum"},"content":{"rendered":"<div id=\"fws_69f4356156791\"  data-midnight=\"dark\" data-bg-mobile-hidden=\"\" class=\"wpb_row vc_row-fluid vc_row standard_section\"  style=\"padding-top: 0px; padding-bottom: 0px; \"><div class=\"row-bg-wrap\"> <div class=\"row-bg\"  style=\"\" data-color_overlay=\"\" data-color_overlay_2=\"\" data-gradient_direction=\"\" data-overlay_strength=\"0.3\" data-enable_gradient=\"false\"><\/div> <\/div><div class=\"col span_12 dark left\">\n\t<div  class=\"vc_col-sm-12 wpb_column column_container vc_column_container col no-extra-padding\"  data-bg-cover=\"\" data-padding-pos=\"all\" data-has-bg-color=\"false\" data-bg-color=\"\" data-bg-opacity=\"1\" data-hover-bg=\"\" data-hover-bg-opacity=\"1\" data-animation=\"\" data-delay=\"0\">\n\t\t<div class=\"vc_column-inner\">\n\t\t\t<div class=\"wpb_wrapper\">\n\t\t\t\t\r\n\t<div class=\"wpb_text_column wpb_content_element\" >\r\n\t\t<div class=\"wpb_wrapper\">\r\n\t\t\t<pre><strong>Angaben gem\u00e4\u00df \u00a7 5 TMG: <\/strong><img loading=\"lazy\" decoding=\"async\" class=\"wp-image-8890 alignright\" style=\"font-family: Georgia, 'Times New Roman', 'Bitstream Charter', Times, serif; white-space: normal;\" src=\"http:\/\/vorbilder-fogg.de\/wp-content\/uploads\/2018\/07\/de-siegel-schutzbrief-300x300.png\" alt=\"\" width=\"268\" height=\"268\" srcset=\"https:\/\/vorbilder.be-boldly.de\/wp-content\/uploads\/2018\/07\/de-siegel-schutzbrief-300x300.png 300w, https:\/\/vorbilder.be-boldly.de\/wp-content\/uploads\/2018\/07\/de-siegel-schutzbrief-150x150.png 150w, https:\/\/vorbilder.be-boldly.de\/wp-content\/uploads\/2018\/07\/de-siegel-schutzbrief-768x768.png 768w, https:\/\/vorbilder.be-boldly.de\/wp-content\/uploads\/2018\/07\/de-siegel-schutzbrief-1024x1024.png 1024w, https:\/\/vorbilder.be-boldly.de\/wp-content\/uploads\/2018\/07\/de-siegel-schutzbrief-50x50.png 50w, https:\/\/vorbilder.be-boldly.de\/wp-content\/uploads\/2018\/07\/de-siegel-schutzbrief-100x100.png 100w, https:\/\/vorbilder.be-boldly.de\/wp-content\/uploads\/2018\/07\/de-siegel-schutzbrief-500x500.png 500w, https:\/\/vorbilder.be-boldly.de\/wp-content\/uploads\/2018\/07\/de-siegel-schutzbrief-1000x1000.png 1000w, https:\/\/vorbilder.be-boldly.de\/wp-content\/uploads\/2018\/07\/de-siegel-schutzbrief.png 1181w\" sizes=\"(max-width: 268px) 100vw, 268px\" \/>\n\nBOLDLY e. V.\nKleine Reichenstra\u00dfe 1\n20457 Hamburg\n\n<strong>Vertreten durch: <\/strong>\nPhillip Harms\nKen Agyemang Yeboah \nElina Fechtner\n\n<strong>Kontakt:<\/strong> \ninfo@be-boldly.de\n\n<strong>Registereintrag: <\/strong>\nEintragung im Vereinsregister.\nRegistergericht: Amtsgericht Hamburg\nRegisternummer: VR 23195<\/pre>\n<pre><strong>\nBankverbindung:\n<\/strong><\/pre>\n<pre>BOLDLY e.V.\nDeutsche Skatbank\nVR-Bank Altenburger Land eG\nIBAN: DE15830654080104991800\nBIC: GENODEF1SLR<\/pre>\n<pre><strong>\nAngaben zur Vereinshaftpflichtversicherung:<\/strong>\nDeutsches Ehrenamt\nMaximilianstra\u00dfe 25\n80539 M\u00fcnchen<\/pre>\n<p><strong>Haftungsausschluss (Disclaimer) <\/strong><\/p>\n<p><strong>Haftung f\u00fcr Inhalte <\/strong><\/p>\n<p>Als Diensteanbieter sind wir gem\u00e4\u00df \u00a7 7 Abs.1 TMG f\u00fcr eigene Inhalte auf diesen Seiten nach den allgemeinen Gesetzen verantwortlich. Nach \u00a7\u00a7 8 bis 10 TMG sind wir als Diensteanbieter jedoch nicht verpflichtet, \u00fcbermittelte oder gespeicherte fremde Informationen zu \u00fcberwachen oder nach Umst\u00e4nden zu forschen, die auf eine rechtswidrige T\u00e4tigkeit hinweisen. Verpflichtungen zur Entfernung oder Sperrung der Nutzung von Informationen nach den allgemeinen Gesetzen bleiben hiervon unber\u00fchrt. Eine diesbez\u00fcgliche Haftung ist jedoch erst ab dem Zeitpunkt der Kenntnis einer konkreten Rechtsverletzung m\u00f6glich. Bei Bekanntwerden von entsprechenden Rechtsverletzungen werden wir diese Inhalte umgehend entfernen.<\/p>\n<p><strong>Haftung f\u00fcr Links <\/strong><\/p>\n<p>Unser Angebot enth\u00e4lt Links zu externen Webseiten Dritter, auf deren Inhalte wir keinen Einfluss haben. Deshalb k\u00f6nnen wir f\u00fcr diese fremden Inhalte auch keine Gew\u00e4hr \u00fcbernehmen. F\u00fcr die Inhalte der verlinkten Seiten ist stets der jeweilige Anbieter oder Betreiber der Seiten verantwortlich. Die verlinkten Seiten wurden zum Zeitpunkt der Verlinkung auf m\u00f6gliche Rechtsverst\u00f6\u00dfe \u00fcberpr\u00fcft. Rechtswidrige Inhalte waren zum Zeitpunkt der Verlinkung nicht erkennbar. Eine permanente inhaltliche Kontrolle der verlinkten Seiten ist jedoch ohne konkrete Anhaltspunkte einer Rechtsverletzung nicht zumutbar. Bei Bekanntwerden von Rechtsverletzungen werden wir derartige Links umgehend entfernen. Urheberrecht Die durch die Seitenbetreiber erstellten Inhalte und Werke auf diesen Seiten unterliegen dem deutschen Urheberrecht. Die Vervielf\u00e4ltigung, Bearbeitung, Verbreitung und jede Art der Verwertung au\u00dferhalb der Grenzen des Urheberrechtes bed\u00fcrfen der schriftlichen Zustimmung des jeweiligen Autors bzw. Erstellers. Downloads und Kopien dieser Seite sind nur f\u00fcr den privaten, nicht kommerziellen Gebrauch gestattet. Soweit die Inhalte auf dieser Seite nicht vom Betreiber erstellt wurden, werden die Urheberrechte Dritter beachtet. Insbesondere werden Inhalte Dritter als solche gekennzeichnet. Sollten Sie trotzdem auf eine Urheberrechtsverletzung aufmerksam werden, bitten wir um einen entsprechenden Hinweis. Bei Bekanntwerden von Rechtsverletzungen werden wir derartige Inhalte umgehend entfernen.<\/p>\n<p><strong>Quelle: <\/strong><\/p>\n<p><i>eRecht24 <\/i><\/p>\n<p><strong>Design<\/strong><\/p>\n<p>Phillip Harms<\/p>\n\r\n\t\t<\/div>\r\n\t<\/div>\r\n\n\t\t\t<\/div> \n\t\t<\/div>\n\t<\/div> \n<\/div><\/div>","protected":false},"excerpt":{"rendered":"Angaben gem\u00e4\u00df \u00a7 5 TMG: BOLDLY e. V. Kleine Reichenstra\u00dfe 1 20457 Hamburg Vertreten durch: Phillip Harms Ken Agyemang Yeboah Elina Fechtner Kontakt: info@be-boldly.de Registereintrag: Eintragung im Vereinsregister. Registergericht: Amtsgericht...","protected":false},"author":1,"featured_media":0,"parent":0,"menu_order":0,"comment_status":"closed","ping_status":"closed","template":"","meta":{"footnotes":""},"_links":{"self":[{"href":"https:\/\/vorbilder.be-boldly.de\/en\/wp-json\/wp\/v2\/pages\/6894"}],"collection":[{"href":"https:\/\/vorbilder.be-boldly.de\/en\/wp-json\/wp\/v2\/pages"}],"about":[{"href":"https:\/\/vorbilder.be-boldly.de\/en\/wp-json\/wp\/v2\/types\/page"}],"author":[{"embeddable":true,"href":"https:\/\/vorbilder.be-boldly.de\/en\/wp-json\/wp\/v2\/users\/1"}],"replies":[{"embeddable":true,"href":"https:\/\/vorbilder.be-boldly.de\/en\/wp-json\/wp\/v2\/comments?post=6894"}],"version-history":[{"count":21,"href":"https:\/\/vorbilder.be-boldly.de\/en\/wp-json\/wp\/v2\/pages\/6894\/revisions"}],"predecessor-version":[{"id":9930,"href":"https:\/\/vorbilder.be-boldly.de\/en\/wp-json\/wp\/v2\/pages\/6894\/revisions\/9930"}],"wp:attachment":[{"href":"https:\/\/vorbilder.be-boldly.de\/en\/wp-json\/wp\/v2\/media?parent=6894"}],"curies":[{"name":"wp","href":"https:\/\/api.w.org\/{rel}","templated":true}]}}